{"id":106,"date":"2018-01-26T13:33:09","date_gmt":"2018-01-26T12:33:09","guid":{"rendered":"http:\/\/www2018.kohlundfrech.de\/?page_id=106"},"modified":"2025-04-02T13:43:59","modified_gmt":"2025-04-02T11:43:59","slug":"impressum","status":"publish","type":"page","link":"https:\/\/www.kohlundfrech.de\/?page_id=106","title":{"rendered":"Impressum"},"content":{"rendered":"<h1>Impressum<\/h1>\n<p>Verantwortlich f\u00fcr den Inhalt dieser Webseite ist:<br \/>\nKohl + Frech Partnerschaft mbB &#8211; Beratende Ingenieure<br \/>\n<span class=\"\">Eva H\u00e4u\u00dfler-Kohl, Mathias Mathes, Max Kohl, Peter Kohl<\/span><\/p>\n<p>Dannstadter Stra\u00dfe 13<br \/>\n67105 Schifferstadt<\/p>\n<p>t +49 (0)6235 95 72-0<br \/>\nf +49 (0)6235 95 72-72<br \/>\nmail (a)\u00a0kohlundfrech.de<\/p>\n<p>USt.-IdNr. DE149761204<\/p>\n<p>COPYRIGHT<br \/>\nalle Rechte vorbehalten. Inhalt, Design und Struktur der Webseite unterliegen dem Urheberrecht.<\/p>\n<p>DESIGN UND UMSETZUNG: <a href=\"https:\/\/servicedesign.eu\/\" target=\"_blank\" rel=\"noopener\">ServiceDesign Werbeagentur<\/a> GmbH<\/p>\n<p>GEW\u00c4HRLEISTUNG<br \/>\nTrotz sorgf\u00e4ltiger inhaltlicher Kontrolle \u00fcbernehmen wir keine Haftung f\u00fcr Inhalte externer Links.<br \/>\nF\u00fcr den Inhalt der verlinkten Seiten sind ausschliesslich deren Betreiber verantwortlich.<\/p>\n","protected":false},"excerpt":{"rendered":"<p>Impressum Verantwortlich f\u00fcr den Inhalt dieser Webseite ist: Kohl + Frech Partnerschaft mbB &#8211; Beratende Ingenieure Eva H\u00e4u\u00dfler-Kohl, Mathias Mathes, Max Kohl, Peter Kohl Dannstadter Stra\u00dfe 13 67105 Schifferstadt t +49 (0)6235 95 72-0 f +49 (0)6235 95 72-72 mail (a)\u00a0kohlundfrech.de USt.-IdNr. DE149761204 COPYRIGHT alle Rechte vorbehalten. Inhalt, Design und Struktur der Webseite unterliegen dem [&hellip;]<\/p>\n","protected":false},"author":1,"featured_media":0,"parent":0,"menu_order":0,"comment_status":"closed","ping_status":"closed","template":"","meta":[],"_links":{"self":[{"href":"https:\/\/www.kohlundfrech.de\/index.php?rest_route=\/wp\/v2\/pages\/106"}],"collection":[{"href":"https:\/\/www.kohlundfrech.de\/index.php?rest_route=\/wp\/v2\/pages"}],"about":[{"href":"https:\/\/www.kohlundfrech.de\/index.php?rest_route=\/wp\/v2\/types\/page"}],"author":[{"embeddable":true,"href":"https:\/\/www.kohlundfrech.de\/index.php?rest_route=\/wp\/v2\/users\/1"}],"replies":[{"embeddable":true,"href":"https:\/\/www.kohlundfrech.de\/index.php?rest_route=%2Fwp%2Fv2%2Fcomments&post=106"}],"version-history":[{"count":6,"href":"https:\/\/www.kohlundfrech.de\/index.php?rest_route=\/wp\/v2\/pages\/106\/revisions"}],"predecessor-version":[{"id":668,"href":"https:\/\/www.kohlundfrech.de\/index.php?rest_route=\/wp\/v2\/pages\/106\/revisions\/668"}],"wp:attachment":[{"href":"https:\/\/www.kohlundfrech.de\/index.php?rest_route=%2Fwp%2Fv2%2Fmedia&parent=106"}],"curies":[{"name":"wp","href":"https:\/\/api.w.org\/{rel}","templated":true}]}}